{"id":3124,"date":"2025-04-14T21:17:40","date_gmt":"2025-04-14T21:17:40","guid":{"rendered":"https:\/\/rehenrik.design\/?page_id=3124"},"modified":"2025-09-18T21:07:36","modified_gmt":"2025-09-19T00:07:36","slug":"privacy-policy","status":"publish","type":"page","link":"https:\/\/rehenrik.design\/br\/privacy-policy","title":{"rendered":"Pol\u00edtica de Privacidade"},"content":{"rendered":"<div data-elementor-type=\"wp-page\" data-elementor-id=\"3124\" class=\"elementor elementor-3124\" data-elementor-post-type=\"page\">\n\t\t\t\t<div class=\"elementor-element elementor-element-368b931 e-flex e-con-boxed e-con e-parent\" data-id=\"368b931\" data-element_type=\"container\">\n\t\t\t\t\t<div class=\"e-con-inner\">\n\t\t<div class=\"elementor-element elementor-element-62ddd15 e-con-full box-innershadow e-flex elementor-invisible e-con e-child\" data-id=\"62ddd15\" data-element_type=\"container\" data-settings=\"{&quot;background_background&quot;:&quot;classic&quot;,&quot;motion_fx_motion_fx_mouse&quot;:&quot;yes&quot;,&quot;animation&quot;:&quot;fadeIn&quot;,&quot;animation_mobile_extra&quot;:&quot;none&quot;}\">\n\t\t<div class=\"elementor-element elementor-element-af7094e e-con-full e-flex e-con e-child\" data-id=\"af7094e\" data-element_type=\"container\">\n\t\t\t\t<div class=\"elementor-element elementor-element-3061a62 elementor-widget__width-initial elementor-widget elementor-widget-heading\" data-id=\"3061a62\" data-element_type=\"widget\" data-widget_type=\"heading.default\">\n\t\t\t\t<div class=\"elementor-widget-container\">\n\t\t\t\t\t<h1 class=\"elementor-heading-title elementor-size-default\">Pol\u00edtica de Privacidade<\/h1>\t\t\t\t<\/div>\n\t\t\t\t<\/div>\n\t\t\t\t<div class=\"elementor-element elementor-element-671ab4e elementor-widget__width-initial elementor-widget elementor-widget-heading\" data-id=\"671ab4e\" data-element_type=\"widget\" data-widget_type=\"heading.default\">\n\t\t\t\t<div class=\"elementor-widget-container\">\n\t\t\t\t\t<span class=\"elementor-heading-title elementor-size-default\">setembro 18, 2025<\/span>\t\t\t\t<\/div>\n\t\t\t\t<\/div>\n\t\t\t\t<\/div>\n\t\t\t\t<div class=\"elementor-element elementor-element-5921c95 elementor-widget__width-inherit elementor-widget-laptop__width-inherit elementor-widget elementor-widget-text-editor\" data-id=\"5921c95\" data-element_type=\"widget\" data-widget_type=\"text-editor.default\">\n\t\t\t\t<div class=\"elementor-widget-container\">\n\t\t\t\t\t\t\t\t\t<p class=\"\" data-start=\"219\" data-end=\"412\">Este site de portf\u00f3lio tem como objetivo apresentar os trabalhos criativos e a experi\u00eancia profissional de Renato Henrique. Estamos comprometidos em proteger sua privacidade e garantir uma navega\u00e7\u00e3o segura.<\/p><h3 class=\"\" data-start=\"414\" data-end=\"440\">Informa\u00e7\u00f5es que coletamos<\/h3><p class=\"\" data-start=\"442\" data-end=\"606\">N\u00f3s <strong data-start=\"448\" data-end=\"455\">n\u00e3o<\/strong> coletamos nenhuma informa\u00e7\u00e3o pessoal identific\u00e1vel por meio deste site. Voc\u00ea pode navegar livremente pelo conte\u00fado sem fornecer qualquer dado pessoal.<\/p><h3 class=\"\" data-start=\"608\" data-end=\"630\">Imagens e Conte\u00fado<\/h3><p class=\"\" data-start=\"632\" data-end=\"832\">Todas as imagens e conte\u00fados exibidos neste site t\u00eam finalidade exclusivamente ilustrativa e de portf\u00f3lio. O uso, reprodu\u00e7\u00e3o ou distribui\u00e7\u00e3o n\u00e3o autorizada de qualquer material n\u00e3o \u00e9 permitido sem consentimento pr\u00e9vio.<\/p><h3 class=\"\" data-start=\"834\" data-end=\"852\">Links externos<\/h3><p class=\"\" data-start=\"854\" data-end=\"986\">Este site pode conter links para sites externos. N\u00e3o nos responsabilizamos pelas pr\u00e1ticas de privacidade ou pelo conte\u00fado desses sites.<\/p><h3 class=\"\" data-start=\"988\" data-end=\"999\">Contato<\/h3><p class=\"\" data-start=\"1001\" data-end=\"1193\">Se voc\u00ea optar por entrar em contato por e-mail ou por meio de perfis em redes sociais vinculados, qualquer informa\u00e7\u00e3o fornecida ser\u00e1 utilizada exclusivamente para fins de comunica\u00e7\u00e3o e n\u00e3o ser\u00e1 compartilhada com terceiros.<\/p><h3 class=\"\" data-start=\"1195\" data-end=\"1206\">Updates<\/h3><p class=\"\" data-start=\"1208\" data-end=\"1325\">Podemos atualizar esta Pol\u00edtica de Privacidade periodicamente. Quaisquer altera\u00e7\u00f5es ser\u00e3o refletidas nesta p\u00e1gina com a data de atualiza\u00e7\u00e3o correspondente.<\/p><p class=\"\" data-start=\"1327\" data-end=\"1417\">Se voc\u00ea tiver qualquer d\u00favida sobre esta Pol\u00edtica de Privacidade, sinta-se \u00e0 vontade para entrar em contato.<\/p>\t\t\t\t\t\t\t\t<\/div>\n\t\t\t\t<\/div>\n\t\t\t\t<\/div>\n\t\t\t\t\t<\/div>\n\t\t\t\t<\/div>\n\t\t\t\t<\/div>","protected":false},"excerpt":{"rendered":"<p>Privacy Policy This portfolio website is intended to showcase the creative work and professional experience of Renato Henrique. We are committed to protecting your privacy and ensuring a safe browsing experience. Information We Collect We do not collect any personally identifiable information through this website. You can freely navigate through the content without providing any <a href=\"https:\/\/rehenrik.design\/br\/privacy-policy\" class=\"more-link\">&#8230;<span class=\"screen-reader-text\">  Pol\u00edtica de Privacidade<\/span><\/a><\/p>","protected":false},"author":1,"featured_media":0,"parent":0,"menu_order":0,"comment_status":"closed","ping_status":"closed","template":"elementor_header_footer","meta":{"footnotes":""},"class_list":["post-3124","page","type-page","status-publish","hentry"],"yoast_head":"<!-- This site is optimized with the Yoast SEO Premium plugin v26.0 (Yoast SEO v25.9) - https:\/\/yoast.com\/wordpress\/plugins\/seo\/ -->\n<title>Privacy Policy - rehenrik<\/title>\n<meta name=\"robots\" content=\"index, follow, max-snippet:-1, max-image-preview:large, max-video-preview:-1\" \/>\n<link rel=\"canonical\" href=\"https:\/\/rehenrik.design\/br\/privacy-policy\/\" \/>\n<meta property=\"og:locale\" content=\"pt_BR\" \/>\n<meta property=\"og:type\" content=\"article\" \/>\n<meta property=\"og:title\" content=\"Privacy Policy - rehenrik\" \/>\n<meta property=\"og:description\" content=\"Privacy Policy This portfolio website is intended to showcase the creative work and professional experience of Renato Henrique. We are committed to protecting your privacy and ensuring a safe browsing experience. Information We Collect We do not collect any personally identifiable information through this website. You can freely navigate through the content without providing any ... Privacy Policy\" \/>\n<meta property=\"og:url\" content=\"https:\/\/rehenrik.design\/br\/privacy-policy\/\" \/>\n<meta property=\"og:site_name\" content=\"rehenrik\" \/>\n<meta property=\"article:modified_time\" content=\"2025-09-19T00:07:36+00:00\" \/>\n<meta name=\"twitter:card\" content=\"summary_large_image\" \/>\n<meta name=\"twitter:label1\" content=\"Est. tempo de leitura\" \/>\n\t<meta name=\"twitter:data1\" content=\"1 minuto\" \/>\n<script type=\"application\/ld+json\" class=\"yoast-schema-graph\">{\"@context\":\"https:\/\/schema.org\",\"@graph\":[{\"@type\":\"WebPage\",\"@id\":\"https:\/\/rehenrik.design\/privacy-policy\",\"url\":\"https:\/\/rehenrik.design\/privacy-policy\",\"name\":\"Privacy Policy - rehenrik\",\"isPartOf\":{\"@id\":\"https:\/\/rehenrik.design\/#website\"},\"datePublished\":\"2025-04-14T21:17:40+00:00\",\"dateModified\":\"2025-09-19T00:07:36+00:00\",\"breadcrumb\":{\"@id\":\"https:\/\/rehenrik.design\/privacy-policy#breadcrumb\"},\"inLanguage\":\"pt-BR\",\"potentialAction\":[{\"@type\":\"ReadAction\",\"target\":[\"https:\/\/rehenrik.design\/privacy-policy\"]}]},{\"@type\":\"BreadcrumbList\",\"@id\":\"https:\/\/rehenrik.design\/privacy-policy#breadcrumb\",\"itemListElement\":[{\"@type\":\"ListItem\",\"position\":1,\"name\":\"Home\",\"item\":\"https:\/\/rehenrik.design\/\"},{\"@type\":\"ListItem\",\"position\":2,\"name\":\"Privacy Policy\"}]},{\"@type\":\"WebSite\",\"@id\":\"https:\/\/rehenrik.design\/#website\",\"url\":\"https:\/\/rehenrik.design\/\",\"name\":\"rehenrik\",\"description\":\"Product Designer\",\"publisher\":{\"@id\":\"https:\/\/rehenrik.design\/#organization\"},\"potentialAction\":[{\"@type\":\"SearchAction\",\"target\":{\"@type\":\"EntryPoint\",\"urlTemplate\":\"https:\/\/rehenrik.design\/?s={search_term_string}\"},\"query-input\":{\"@type\":\"PropertyValueSpecification\",\"valueRequired\":true,\"valueName\":\"search_term_string\"}}],\"inLanguage\":\"pt-BR\"},{\"@type\":\"Organization\",\"@id\":\"https:\/\/rehenrik.design\/#organization\",\"name\":\"rehenrik\",\"url\":\"https:\/\/rehenrik.design\/\",\"logo\":{\"@type\":\"ImageObject\",\"inLanguage\":\"pt-BR\",\"@id\":\"https:\/\/rehenrik.design\/#\/schema\/logo\/image\/\",\"url\":\"https:\/\/rehenrik.design\/wp-content\/uploads\/2023\/07\/logo.png\",\"contentUrl\":\"https:\/\/rehenrik.design\/wp-content\/uploads\/2023\/07\/logo.png\",\"width\":512,\"height\":512,\"caption\":\"rehenrik\"},\"image\":{\"@id\":\"https:\/\/rehenrik.design\/#\/schema\/logo\/image\/\"}}]}<\/script>\n<!-- \/ Yoast SEO Premium plugin. -->","yoast_head_json":{"title":"Privacy Policy - rehenrik","robots":{"index":"index","follow":"follow","max-snippet":"max-snippet:-1","max-image-preview":"max-image-preview:large","max-video-preview":"max-video-preview:-1"},"canonical":"https:\/\/rehenrik.design\/br\/privacy-policy\/","og_locale":"pt_BR","og_type":"article","og_title":"Privacy Policy - rehenrik","og_description":"Privacy Policy This portfolio website is intended to showcase the creative work and professional experience of Renato Henrique. We are committed to protecting your privacy and ensuring a safe browsing experience. Information We Collect We do not collect any personally identifiable information through this website. You can freely navigate through the content without providing any ... Privacy Policy","og_url":"https:\/\/rehenrik.design\/br\/privacy-policy\/","og_site_name":"rehenrik","article_modified_time":"2025-09-19T00:07:36+00:00","twitter_card":"summary_large_image","twitter_misc":{"Est. tempo de leitura":"1 minuto"},"schema":{"@context":"https:\/\/schema.org","@graph":[{"@type":"WebPage","@id":"https:\/\/rehenrik.design\/privacy-policy","url":"https:\/\/rehenrik.design\/privacy-policy","name":"Privacy Policy - rehenrik","isPartOf":{"@id":"https:\/\/rehenrik.design\/#website"},"datePublished":"2025-04-14T21:17:40+00:00","dateModified":"2025-09-19T00:07:36+00:00","breadcrumb":{"@id":"https:\/\/rehenrik.design\/privacy-policy#breadcrumb"},"inLanguage":"pt-BR","potentialAction":[{"@type":"ReadAction","target":["https:\/\/rehenrik.design\/privacy-policy"]}]},{"@type":"BreadcrumbList","@id":"https:\/\/rehenrik.design\/privacy-policy#breadcrumb","itemListElement":[{"@type":"ListItem","position":1,"name":"Home","item":"https:\/\/rehenrik.design\/"},{"@type":"ListItem","position":2,"name":"Privacy Policy"}]},{"@type":"WebSite","@id":"https:\/\/rehenrik.design\/#website","url":"https:\/\/rehenrik.design\/","name":"rehenrik","description":"Product Designer","publisher":{"@id":"https:\/\/rehenrik.design\/#organization"},"potentialAction":[{"@type":"SearchAction","target":{"@type":"EntryPoint","urlTemplate":"https:\/\/rehenrik.design\/?s={search_term_string}"},"query-input":{"@type":"PropertyValueSpecification","valueRequired":true,"valueName":"search_term_string"}}],"inLanguage":"pt-BR"},{"@type":"Organization","@id":"https:\/\/rehenrik.design\/#organization","name":"rehenrik","url":"https:\/\/rehenrik.design\/","logo":{"@type":"ImageObject","inLanguage":"pt-BR","@id":"https:\/\/rehenrik.design\/#\/schema\/logo\/image\/","url":"https:\/\/rehenrik.design\/wp-content\/uploads\/2023\/07\/logo.png","contentUrl":"https:\/\/rehenrik.design\/wp-content\/uploads\/2023\/07\/logo.png","width":512,"height":512,"caption":"rehenrik"},"image":{"@id":"https:\/\/rehenrik.design\/#\/schema\/logo\/image\/"}}]}},"_links":{"self":[{"href":"https:\/\/rehenrik.design\/br\/wp-json\/wp\/v2\/pages\/3124","targetHints":{"allow":["GET"]}}],"collection":[{"href":"https:\/\/rehenrik.design\/br\/wp-json\/wp\/v2\/pages"}],"about":[{"href":"https:\/\/rehenrik.design\/br\/wp-json\/wp\/v2\/types\/page"}],"author":[{"embeddable":true,"href":"https:\/\/rehenrik.design\/br\/wp-json\/wp\/v2\/users\/1"}],"replies":[{"embeddable":true,"href":"https:\/\/rehenrik.design\/br\/wp-json\/wp\/v2\/comments?post=3124"}],"version-history":[{"count":15,"href":"https:\/\/rehenrik.design\/br\/wp-json\/wp\/v2\/pages\/3124\/revisions"}],"predecessor-version":[{"id":9199,"href":"https:\/\/rehenrik.design\/br\/wp-json\/wp\/v2\/pages\/3124\/revisions\/9199"}],"wp:attachment":[{"href":"https:\/\/rehenrik.design\/br\/wp-json\/wp\/v2\/media?parent=3124"}],"curies":[{"name":"wp","href":"https:\/\/api.w.org\/{rel}","templated":true}]}}