{"id":3144,"date":"2025-04-14T21:35:30","date_gmt":"2025-04-14T21:35:30","guid":{"rendered":"https:\/\/rehenrik.design\/?page_id=3144"},"modified":"2025-09-18T21:08:17","modified_gmt":"2025-09-19T00:08:17","slug":"cookies","status":"publish","type":"page","link":"https:\/\/rehenrik.design\/br\/cookies","title":{"rendered":"Cookies"},"content":{"rendered":"<div data-elementor-type=\"wp-page\" data-elementor-id=\"3144\" class=\"elementor elementor-3144\" data-elementor-post-type=\"page\">\n\t\t\t\t<div class=\"elementor-element elementor-element-368b931 e-flex e-con-boxed e-con e-parent\" data-id=\"368b931\" data-element_type=\"container\">\n\t\t\t\t\t<div class=\"e-con-inner\">\n\t\t<div class=\"elementor-element elementor-element-62ddd15 e-con-full box-innershadow e-flex elementor-invisible e-con e-child\" data-id=\"62ddd15\" data-element_type=\"container\" data-settings=\"{&quot;background_background&quot;:&quot;classic&quot;,&quot;motion_fx_motion_fx_mouse&quot;:&quot;yes&quot;,&quot;animation&quot;:&quot;fadeIn&quot;,&quot;animation_mobile_extra&quot;:&quot;none&quot;}\">\n\t\t<div class=\"elementor-element elementor-element-af7094e e-con-full e-flex e-con e-child\" data-id=\"af7094e\" data-element_type=\"container\">\n\t\t\t\t<div class=\"elementor-element elementor-element-3061a62 elementor-widget__width-initial elementor-widget elementor-widget-heading\" data-id=\"3061a62\" data-element_type=\"widget\" data-widget_type=\"heading.default\">\n\t\t\t\t<div class=\"elementor-widget-container\">\n\t\t\t\t\t<h1 class=\"elementor-heading-title elementor-size-default\">Cookies<\/h1>\t\t\t\t<\/div>\n\t\t\t\t<\/div>\n\t\t\t\t<div class=\"elementor-element elementor-element-671ab4e elementor-widget__width-initial elementor-widget elementor-widget-heading\" data-id=\"671ab4e\" data-element_type=\"widget\" data-widget_type=\"heading.default\">\n\t\t\t\t<div class=\"elementor-widget-container\">\n\t\t\t\t\t<span class=\"elementor-heading-title elementor-size-default\">setembro 18, 2025<\/span>\t\t\t\t<\/div>\n\t\t\t\t<\/div>\n\t\t\t\t<\/div>\n\t\t\t\t<div class=\"elementor-element elementor-element-5921c95 elementor-widget__width-inherit elementor-widget-laptop__width-inherit elementor-widget elementor-widget-text-editor\" data-id=\"5921c95\" data-element_type=\"widget\" data-widget_type=\"text-editor.default\">\n\t\t\t\t<div class=\"elementor-widget-container\">\n\t\t\t\t\t\t\t\t\t<p class=\"\" data-start=\"239\" data-end=\"434\">Este site utiliza cookies para aprimorar sua experi\u00eancia de navega\u00e7\u00e3o e garantir seu funcionamento adequado. Esta Pol\u00edtica de Cookies explica o que s\u00e3o cookies, como os utilizo e quais s\u00e3o suas op\u00e7\u00f5es em rela\u00e7\u00e3o ao uso deles.<\/p><h3 class=\"\" data-start=\"441\" data-end=\"469\"><strong data-start=\"445\" data-end=\"469\">1. O que s\u00e3o cookies?<\/strong><\/h3><p class=\"\" data-start=\"471\" data-end=\"659\">Cookies s\u00e3o pequenos arquivos de texto armazenados no seu dispositivo (computador, tablet ou celular) quando voc\u00ea visita um site. Eles ajudam os sites a lembrarem suas prefer\u00eancias e a melhorar sua experi\u00eancia.<\/p><h3 class=\"\" data-start=\"666\" data-end=\"694\"><strong data-start=\"670\" data-end=\"694\">2. Por que uso cookies<\/strong><\/h3><p class=\"\" data-start=\"696\" data-end=\"742\">Utilizo cookies para diversos fins:<\/p><ul data-start=\"744\" data-end=\"1130\"><li class=\"\" data-start=\"744\" data-end=\"846\"><p class=\"\" data-start=\"746\" data-end=\"846\"><strong data-start=\"746\" data-end=\"767\">Cookies essenciais<\/strong>: necess\u00e1rios para funcionalidades b\u00e1sicas do site (por exemplo, navega\u00e7\u00e3o e carregamento de p\u00e1ginas).<\/p><\/li><li class=\"\" data-start=\"847\" data-end=\"996\"><p class=\"\" data-start=\"849\" data-end=\"996\"><strong data-start=\"849\" data-end=\"884\">Cookies de desempenho e an\u00e1lise<\/strong>: para entender como os visitantes interagem com o site \u2014 como quais p\u00e1ginas s\u00e3o mais visitadas e quanto tempo os usu\u00e1rios permanecem.<\/p><\/li><li class=\"\" data-start=\"997\" data-end=\"1130\"><p class=\"\" data-start=\"999\" data-end=\"1130\"><strong data-start=\"999\" data-end=\"1030\">Otimiza\u00e7\u00e3o de m\u00eddia e visual<\/strong>: para melhorar a forma como imagens e outros conte\u00fados s\u00e3o exibidos em diferentes dispositivos e tamanhos de tela.<\/p><\/li><\/ul><p class=\"\" data-start=\"1132\" data-end=\"1224\">Nenhuma informa\u00e7\u00e3o pessoal \u00e9 coletada por meio de cookies, e seus dados nunca s\u00e3o compartilhados ou vendidos.<\/p><h3 class=\"\" data-start=\"1231\" data-end=\"1258\"><strong data-start=\"1235\" data-end=\"1258\">3. Gerenciamento de cookies<\/strong><\/h3><p class=\"\" data-start=\"1260\" data-end=\"1461\">A maioria dos navegadores aceita cookies automaticamente, mas voc\u00ea pode alterar suas configura\u00e7\u00f5es para recus\u00e1-los, se preferir. Desativar certos cookies pode afetar o desempenho ou a funcionalidade do site.<\/p><p class=\"\" data-start=\"1463\" data-end=\"1545\">Para gerenciar ou excluir cookies, acesse as configura\u00e7\u00f5es ou prefer\u00eancias do seu navegador.<\/p><h3 class=\"\" data-start=\"1552\" data-end=\"1580\"><strong data-start=\"1556\" data-end=\"1580\">4. Ferramentas de terceiros<\/strong><\/h3><p class=\"\" data-start=\"1582\" data-end=\"1831\">Posso usar ferramentas de terceiros, como Google Analytics ou conte\u00fado incorporado (v\u00eddeos, imagens), que tamb\u00e9m colocam cookies para fornecer melhor desempenho e insights. Esses cookies podem coletar dados an\u00f4nimos, de acordo com as pol\u00edticas de privacidade dessas empresas.<\/p><h3 class=\"\" data-start=\"1838\" data-end=\"1856\"><strong data-start=\"1842\" data-end=\"1856\">5. Contato<\/strong><\/h3><p class=\"\" data-start=\"1858\" data-end=\"1968\">Se voc\u00ea tiver alguma d\u00favida sobre esta Pol\u00edtica de Cookies, sinta-se \u00e0 vontade para entrar em contato.<\/p>\t\t\t\t\t\t\t\t<\/div>\n\t\t\t\t<\/div>\n\t\t\t\t<\/div>\n\t\t\t\t\t<\/div>\n\t\t\t\t<\/div>\n\t\t\t\t<\/div>","protected":false},"excerpt":{"rendered":"<p>Cookies This website uses cookies to enhance your browsing experience and ensure proper functionality. This Cookies Policy explains what cookies are, how I use them, and your choices regarding their use. 1. What Are Cookies? Cookies are small text files stored on your device (computer, tablet, or mobile) when you visit a website. They help <a href=\"https:\/\/rehenrik.design\/br\/cookies\" class=\"more-link\">&#8230;<span class=\"screen-reader-text\">  Cookies<\/span><\/a><\/p>","protected":false},"author":1,"featured_media":0,"parent":0,"menu_order":0,"comment_status":"closed","ping_status":"closed","template":"elementor_header_footer","meta":{"footnotes":""},"class_list":["post-3144","page","type-page","status-publish","hentry"],"yoast_head":"<!-- This site is optimized with the Yoast SEO Premium plugin v26.0 (Yoast SEO v25.9) - https:\/\/yoast.com\/wordpress\/plugins\/seo\/ -->\n<title>Cookies - rehenrik<\/title>\n<meta name=\"robots\" content=\"index, follow, max-snippet:-1, max-image-preview:large, max-video-preview:-1\" \/>\n<link rel=\"canonical\" href=\"https:\/\/rehenrik.design\/br\/cookies\/\" \/>\n<meta property=\"og:locale\" content=\"pt_BR\" \/>\n<meta property=\"og:type\" content=\"article\" \/>\n<meta property=\"og:title\" content=\"Cookies - rehenrik\" \/>\n<meta property=\"og:description\" content=\"Cookies This website uses cookies to enhance your browsing experience and ensure proper functionality. This Cookies Policy explains what cookies are, how I use them, and your choices regarding their use. 1. What Are Cookies? Cookies are small text files stored on your device (computer, tablet, or mobile) when you visit a website. They help ... Cookies\" \/>\n<meta property=\"og:url\" content=\"https:\/\/rehenrik.design\/br\/cookies\/\" \/>\n<meta property=\"og:site_name\" content=\"rehenrik\" \/>\n<meta property=\"article:modified_time\" content=\"2025-09-19T00:08:17+00:00\" \/>\n<meta name=\"twitter:card\" content=\"summary_large_image\" \/>\n<meta name=\"twitter:label1\" content=\"Est. tempo de leitura\" \/>\n\t<meta name=\"twitter:data1\" content=\"2 minutos\" \/>\n<script type=\"application\/ld+json\" class=\"yoast-schema-graph\">{\"@context\":\"https:\/\/schema.org\",\"@graph\":[{\"@type\":\"WebPage\",\"@id\":\"https:\/\/rehenrik.design\/cookies\",\"url\":\"https:\/\/rehenrik.design\/cookies\",\"name\":\"Cookies - rehenrik\",\"isPartOf\":{\"@id\":\"https:\/\/rehenrik.design\/#website\"},\"datePublished\":\"2025-04-14T21:35:30+00:00\",\"dateModified\":\"2025-09-19T00:08:17+00:00\",\"breadcrumb\":{\"@id\":\"https:\/\/rehenrik.design\/cookies#breadcrumb\"},\"inLanguage\":\"pt-BR\",\"potentialAction\":[{\"@type\":\"ReadAction\",\"target\":[\"https:\/\/rehenrik.design\/cookies\"]}]},{\"@type\":\"BreadcrumbList\",\"@id\":\"https:\/\/rehenrik.design\/cookies#breadcrumb\",\"itemListElement\":[{\"@type\":\"ListItem\",\"position\":1,\"name\":\"Home\",\"item\":\"https:\/\/rehenrik.design\/\"},{\"@type\":\"ListItem\",\"position\":2,\"name\":\"Cookies\"}]},{\"@type\":\"WebSite\",\"@id\":\"https:\/\/rehenrik.design\/#website\",\"url\":\"https:\/\/rehenrik.design\/\",\"name\":\"rehenrik\",\"description\":\"Product Designer\",\"publisher\":{\"@id\":\"https:\/\/rehenrik.design\/#organization\"},\"potentialAction\":[{\"@type\":\"SearchAction\",\"target\":{\"@type\":\"EntryPoint\",\"urlTemplate\":\"https:\/\/rehenrik.design\/?s={search_term_string}\"},\"query-input\":{\"@type\":\"PropertyValueSpecification\",\"valueRequired\":true,\"valueName\":\"search_term_string\"}}],\"inLanguage\":\"pt-BR\"},{\"@type\":\"Organization\",\"@id\":\"https:\/\/rehenrik.design\/#organization\",\"name\":\"rehenrik\",\"url\":\"https:\/\/rehenrik.design\/\",\"logo\":{\"@type\":\"ImageObject\",\"inLanguage\":\"pt-BR\",\"@id\":\"https:\/\/rehenrik.design\/#\/schema\/logo\/image\/\",\"url\":\"https:\/\/rehenrik.design\/wp-content\/uploads\/2023\/07\/logo.png\",\"contentUrl\":\"https:\/\/rehenrik.design\/wp-content\/uploads\/2023\/07\/logo.png\",\"width\":512,\"height\":512,\"caption\":\"rehenrik\"},\"image\":{\"@id\":\"https:\/\/rehenrik.design\/#\/schema\/logo\/image\/\"}}]}<\/script>\n<!-- \/ Yoast SEO Premium plugin. -->","yoast_head_json":{"title":"Cookies - rehenrik","robots":{"index":"index","follow":"follow","max-snippet":"max-snippet:-1","max-image-preview":"max-image-preview:large","max-video-preview":"max-video-preview:-1"},"canonical":"https:\/\/rehenrik.design\/br\/cookies\/","og_locale":"pt_BR","og_type":"article","og_title":"Cookies - rehenrik","og_description":"Cookies This website uses cookies to enhance your browsing experience and ensure proper functionality. This Cookies Policy explains what cookies are, how I use them, and your choices regarding their use. 1. What Are Cookies? Cookies are small text files stored on your device (computer, tablet, or mobile) when you visit a website. They help ... Cookies","og_url":"https:\/\/rehenrik.design\/br\/cookies\/","og_site_name":"rehenrik","article_modified_time":"2025-09-19T00:08:17+00:00","twitter_card":"summary_large_image","twitter_misc":{"Est. tempo de leitura":"2 minutos"},"schema":{"@context":"https:\/\/schema.org","@graph":[{"@type":"WebPage","@id":"https:\/\/rehenrik.design\/cookies","url":"https:\/\/rehenrik.design\/cookies","name":"Cookies - rehenrik","isPartOf":{"@id":"https:\/\/rehenrik.design\/#website"},"datePublished":"2025-04-14T21:35:30+00:00","dateModified":"2025-09-19T00:08:17+00:00","breadcrumb":{"@id":"https:\/\/rehenrik.design\/cookies#breadcrumb"},"inLanguage":"pt-BR","potentialAction":[{"@type":"ReadAction","target":["https:\/\/rehenrik.design\/cookies"]}]},{"@type":"BreadcrumbList","@id":"https:\/\/rehenrik.design\/cookies#breadcrumb","itemListElement":[{"@type":"ListItem","position":1,"name":"Home","item":"https:\/\/rehenrik.design\/"},{"@type":"ListItem","position":2,"name":"Cookies"}]},{"@type":"WebSite","@id":"https:\/\/rehenrik.design\/#website","url":"https:\/\/rehenrik.design\/","name":"rehenrik","description":"Product Designer","publisher":{"@id":"https:\/\/rehenrik.design\/#organization"},"potentialAction":[{"@type":"SearchAction","target":{"@type":"EntryPoint","urlTemplate":"https:\/\/rehenrik.design\/?s={search_term_string}"},"query-input":{"@type":"PropertyValueSpecification","valueRequired":true,"valueName":"search_term_string"}}],"inLanguage":"pt-BR"},{"@type":"Organization","@id":"https:\/\/rehenrik.design\/#organization","name":"rehenrik","url":"https:\/\/rehenrik.design\/","logo":{"@type":"ImageObject","inLanguage":"pt-BR","@id":"https:\/\/rehenrik.design\/#\/schema\/logo\/image\/","url":"https:\/\/rehenrik.design\/wp-content\/uploads\/2023\/07\/logo.png","contentUrl":"https:\/\/rehenrik.design\/wp-content\/uploads\/2023\/07\/logo.png","width":512,"height":512,"caption":"rehenrik"},"image":{"@id":"https:\/\/rehenrik.design\/#\/schema\/logo\/image\/"}}]}},"_links":{"self":[{"href":"https:\/\/rehenrik.design\/br\/wp-json\/wp\/v2\/pages\/3144","targetHints":{"allow":["GET"]}}],"collection":[{"href":"https:\/\/rehenrik.design\/br\/wp-json\/wp\/v2\/pages"}],"about":[{"href":"https:\/\/rehenrik.design\/br\/wp-json\/wp\/v2\/types\/page"}],"author":[{"embeddable":true,"href":"https:\/\/rehenrik.design\/br\/wp-json\/wp\/v2\/users\/1"}],"replies":[{"embeddable":true,"href":"https:\/\/rehenrik.design\/br\/wp-json\/wp\/v2\/comments?post=3144"}],"version-history":[{"count":12,"href":"https:\/\/rehenrik.design\/br\/wp-json\/wp\/v2\/pages\/3144\/revisions"}],"predecessor-version":[{"id":9202,"href":"https:\/\/rehenrik.design\/br\/wp-json\/wp\/v2\/pages\/3144\/revisions\/9202"}],"wp:attachment":[{"href":"https:\/\/rehenrik.design\/br\/wp-json\/wp\/v2\/media?parent=3144"}],"curies":[{"name":"wp","href":"https:\/\/api.w.org\/{rel}","templated":true}]}}